{"id":412,"date":"2024-03-18T13:05:19","date_gmt":"2024-03-18T12:05:19","guid":{"rendered":"https:\/\/elcollbar.com\/politica-de-privadesa\/"},"modified":"2025-02-25T10:45:08","modified_gmt":"2025-02-25T09:45:08","slug":"politica-de-privadesa","status":"publish","type":"page","link":"https:\/\/elcollbar.com\/ca\/politica-de-privadesa\/","title":{"rendered":"Pol\u00edtica de Privadesa"},"content":{"rendered":"\n<h4 class=\"wp-block-heading\">Qui \u00e9s el responsable del tractament de les vostres dades?<\/h4>\n\n<p>Entitat: HOTEL &amp; SPA LA COLLADA SL.<br\/> NIF: B66860974.<br\/> Adre\u00e7a postal: CARRETERA NACIONAL 260, KM 155 \u2013 17537 TOSES- LA MOLINA \u2013 BARCELONA (ESPANYA).<br\/> Correu electr\u00f2nic: hello@lacolladahotel.com.<br\/> Tel\u00e8fon: 972 892 100.<\/p>\n\n<h4 class=\"wp-block-heading\">Quins s\u00f3n els vostres drets quan ens facilita les vostres dades?<\/h4>\n\n<p>Qualsevol persona t\u00e9 dret a obtenir confirmaci\u00f3 sobre si a HOTEL &amp; SPA LA COLLADA SL estem tractant, o no, dades personals que els concerneixin.<\/p>\n\n<p>Les persones interessades tenen dret a accedir a les seves dades personals, aix\u00ed com a sol\u00b7licitar la rectificaci\u00f3 de les dades inexactes o, si escau, sol\u00b7licitar-ne la supressi\u00f3 quan, entre altres motius, les dades ja no siguin necess\u00e0ries per als fins que van ser recollides. Igualment, t\u00e9 dret a la portabilitat de les seves dades. <\/p>\n\n<p>En determinades circumst\u00e0ncies, els interessats podran sol\u00b7licitar la limitaci\u00f3 del tractament de les seves dades, cas en qu\u00e8 \u00fanicament les conservarem per a l&#8217;exercici o la defensa de reclamacions.<\/p>\n\n<p>En determinades circumst\u00e0ncies i per motius relacionats amb la seva situaci\u00f3 particular, els interessats es poden oposar al tractament de les seves dades. En aquest cas, HOTEL &amp; SPA LA COLLADA SL deixar\u00e0 de tractar les dades, tret de motius leg\u00edtims imperiosos, o l&#8217;exercici o la defensa de possibles reclamacions. <\/p>\n\n<p>Podreu exercitar materialment els vostres drets de la manera seg\u00fcent: dirigint-vos a hello@lacolladahotel.com o Ctra Nacional 260, km155 17537 Toses \u2013 La Molina.<\/p>\n\n<p>Quan es faci l&#8217;enviament de comunicacions comercials utilitzant com a base jur\u00eddica l&#8217;inter\u00e8s leg\u00edtim del responsable, l&#8217;interessat es pot oposar al tractament de les dades amb aquesta finalitat.<\/p>\n\n<p>El consentiment atorgat \u00e9s per a totes les finalitats indicades la base legal de les quals \u00e9s el consentiment de l&#8217;interessat. T\u00e9 dret a retirar aquest consentiment en qualsevol moment, sense que aix\u00f2 afecti la licitud del tractament basat en el consentiment previ a la seva retirada. <\/p>\n\n<p>En cas que sentiu vulnerats els vostres drets pel que fa a la protecci\u00f3 de les vostres dades personals, especialment quan no heu obtingut satisfacci\u00f3 en l&#8217;exercici dels vostres drets, podeu presentar una reclamaci\u00f3 davant l&#8217;Autoritat de Control en mat\u00e8ria de Protecci\u00f3 de Dades competent a trav\u00e9s del vostre lloc web: <a href=\"https:\/\/www.aepd.es\/\">www.aepd.es<\/a> .<\/p>\n\n<h4 class=\"wp-block-heading\">Tractament de les dades personals de potencials clients i contactes via web<\/h4>\n\n<p>Amb quina finalitat tractem les vostres dades personals?<\/p>\n\n<ul class=\"wp-block-list\">\n<li>A HOTEL &amp; SPA LA COLLADA SL tractem la informaci\u00f3 que ens faciliten les persones interessades per tal d&#8217;atendre la vostra sol\u00b7licitud i enviar-vos comunicacions comercials i\/o newsletters. En cas que no faciliteu les vostres dades personals, no podrem complir amb les funcionalitats descrites anteriorment. <\/li>\n\n\n\n<li>No es prendran decisions automatitzades sobre la base de les dades proporcionades.<\/li>\n<\/ul>\n\n<p>Per quant de temps conservarem les vostres dades?<\/p>\n\n<ul class=\"wp-block-list\">\n<li>Les dades es conservaran mentre l&#8217;interessat no sol\u00b7licite la supressi\u00f3.<\/li>\n<\/ul>\n\n<p>Quina \u00e9s la legitimaci\u00f3 per al tractament de les vostres dades?<\/p>\n\n<ul class=\"wp-block-list\">\n<li>Us indiquem la base legal per al tractament de les vostres dades:\n<ul class=\"wp-block-list\">\n<li>Execuci\u00f3 d&#8217;un contracte: Gesti\u00f3 de clients potencials que s&#8217;han interessat sobre els nostres serveis.<\/li>\n\n\n\n<li>Consentiment de l&#8217;interessat: Enviar comunicacions comercials i\/o newsletters, inclusivament per via electr\u00f2nica.<\/li>\n\n\n\n<li>Inter\u00e8s leg\u00edtim del Responsable: Gesti\u00f3 de les dades de contacte professionals.<\/li>\n<\/ul>\n<\/li>\n<\/ul>\n\n<p>A quins destinataris es comunicaran les vostres dades?<\/p>\n\n<ul class=\"wp-block-list\">\n<li>Les dades es comunicaran als destinataris seg\u00fcents:\n<ul class=\"wp-block-list\">\n<li>Empreses del grup BOSCH AYMERICH, amb la finalitat de gesti\u00f3 interna.<\/li>\n<\/ul>\n<\/li>\n\n\n\n<li>Transfer\u00e8ncies de dades a tercers pa\u00efsos: No estan previstes transfer\u00e8ncies de dades a tercers pa\u00efsos.<\/li>\n<\/ul>\n\n<h4 class=\"wp-block-heading\">Tractament de les dades personals dels contactes de correu electr\u00f2nic<\/h4>\n\n<p>Amb quina finalitat tractem les vostres dades personals?<\/p>\n\n<ul class=\"wp-block-list\">\n<li>A HOTEL &amp; SPA LA COLLADA SL tractem la informaci\u00f3 que ens faciliten les persones interessades per tal de prestar-vos els serveis que ens heu sol\u00b7licitat, atendre les vostres sol\u00b7licituds d&#8217;informaci\u00f3 i enviar-vos comunicacions comercials. En cas que no faciliteu les vostres dades personals, no podrem complir amb les funcionalitats descrites anteriorment. <\/li>\n\n\n\n<li>No es prendran decisions automatitzades sobre la base de les dades proporcionades.<\/li>\n<\/ul>\n\n<p>Per quant de temps conservarem les vostres dades?<\/p>\n\n<ul class=\"wp-block-list\">\n<li>Les dades es conservaran mentre l&#8217;interessat no sol\u00b7licite la supressi\u00f3.<\/li>\n<\/ul>\n\n<p>Quina \u00e9s la legitimaci\u00f3 per al tractament de les vostres dades?<\/p>\n\n<ul class=\"wp-block-list\">\n<li>Us indiquem la base legal per al tractament de les vostres dades:\n<ul class=\"wp-block-list\">\n<li>Execuci\u00f3 d&#8217;un contracte: Atendre&#8217;n la sol\u00b7licitud.<\/li>\n\n\n\n<li>Inter\u00e8s leg\u00edtim del Responsable: Enviar comunicacions comercials, inclusivament per via electr\u00f2nica.<\/li>\n\n\n\n<li>Consentiment de l&#8217;interessat: Contacte i enviament de comunicacions comercials sobre els nostres serveis sobre la base de l&#8217;inter\u00e8s demostrat.<\/li>\n<\/ul>\n<\/li>\n<\/ul>\n\n<p>A quins destinataris es comunicaran les vostres dades?<\/p>\n\n<ul class=\"wp-block-list\">\n<li>No se cediran dades a tercers, llevat d&#8217;obligaci\u00f3 legal.<\/li>\n\n\n\n<li>Transfer\u00e8ncies de dades a tercers pa\u00efsos: No estan previstes transfer\u00e8ncies de dades a tercers pa\u00efsos.<\/li>\n<\/ul>\n\n<h4 class=\"wp-block-heading\">Tractament de les dades personals de candidats a un lloc de treball<\/h4>\n\n<p>Amb quina finalitat tractem les vostres dades personals?<\/p>\n\n<ul class=\"wp-block-list\">\n<li>A HOTEL &amp; SPA LA COLLADA SL tractem la informaci\u00f3 que ens faciliten les persones interessades per tal de gestionar els Curr\u00edculum Vitae rebuts i realitzar els processos de selecci\u00f3 de personal, entrevistes i altres tr\u00e0mits necessaris per a la recerca del millor candidat possible a un lloc de treball determinat. En cas que no faciliteu les vostres dades personals, no podrem complir amb les funcionalitats descrites anteriorment. <\/li>\n\n\n\n<li>No es prendran decisions automatitzades sobre la base de les dades proporcionades.<\/li>\n<\/ul>\n\n<p>Per quant de temps conservarem les vostres dades?<\/p>\n\n<ul class=\"wp-block-list\">\n<li>Dos anys des de la darrera interacci\u00f3.<\/li>\n<\/ul>\n\n<p>Quina \u00e9s la legitimaci\u00f3 per al tractament de les vostres dades?<\/p>\n\n<ul class=\"wp-block-list\">\n<li>Us indiquem la base legal per al tractament de les vostres dades:\n<ul class=\"wp-block-list\">\n<li>Consentiment de l&#8217;interessat: Gesti\u00f3 dels Curr\u00edculum Vitae lliurats pel candidat per fer els processos de selecci\u00f3 de personal per a la recerca del millor candidat possible a un lloc de treball determinat.<\/li>\n<\/ul>\n<\/li>\n<\/ul>\n\n<p>A quins destinataris es comunicaran les vostres dades?<\/p>\n\n<ul class=\"wp-block-list\">\n<li>Les dades es comunicaran als destinataris seg\u00fcents:\n<ul class=\"wp-block-list\">\n<li>Empreses del grup BOSCH AYMERICH, amb la finalitat de gesti\u00f3 interna.<\/li>\n<\/ul>\n<\/li>\n\n\n\n<li>Transfer\u00e8ncies de dades a tercers pa\u00efsos: No estan previstes transfer\u00e8ncies de dades a tercers pa\u00efsos.<\/li>\n<\/ul>\n\n<h4 class=\"wp-block-heading\">Tractament de les dades personals de clients contractes i pressupostos<\/h4>\n\n<p>Amb quina finalitat tractem les vostres dades personals?<\/p>\n\n<ul class=\"wp-block-list\">\n<li>A HOTEL &amp; SPA LA COLLADA SL tractem la informaci\u00f3 que ens faciliten les persones interessades per tal de realitzar la gesti\u00f3 administrativa, comptable i fiscal dels serveis sol\u00b7licitats, aix\u00ed com enviar comunicacions comercials sobre els nostres serveis. En cas que no faciliteu les vostres dades personals, no podrem complir amb les funcionalitats descrites anteriorment. <\/li>\n\n\n\n<li>No es prendran decisions automatitzades sobre la base de les dades proporcionades.<\/li>\n<\/ul>\n\n<p>Per quant de temps conservarem les vostres dades?<\/p>\n\n<ul class=\"wp-block-list\">\n<li>Les dades s&#8217;han de conservar mentre l&#8217;interessat no en sol\u00b7liciti la supressi\u00f3, i si s&#8217;escau, durant els anys necessaris per complir les obligacions legals.<\/li>\n<\/ul>\n\n<p>Quina \u00e9s la legitimaci\u00f3 per al tractament de les vostres dades?<\/p>\n\n<ul class=\"wp-block-list\">\n<li>Us indiquem la base legal per al tractament de les vostres dades:\n<ul class=\"wp-block-list\">\n<li>Execuci\u00f3 dun contracte: Gesti\u00f3 fiscal, comptable i administrativa de clients.<\/li>\n\n\n\n<li>Consentiment de l&#8217;interessat: Enviament de comunicacions comercials sobre els nostres serveis i\/o newsletter.<\/li>\n\n\n\n<li>Inter\u00e8s leg\u00edtim del Responsable: Transmetre dades personals dins del grup empresarial per a fins administratius interns, incl\u00f2s el tractament de dades personals de clients o empleats.<\/li>\n<\/ul>\n<\/li>\n<\/ul>\n\n<p>A quins destinataris es comunicaran les vostres dades?<\/p>\n\n<ul class=\"wp-block-list\">\n<li>Les dades es comunicaran als destinataris seg\u00fcents:\n<ul class=\"wp-block-list\">\n<li>Administraci\u00f3 Tribut\u00e0ria, amb la finalitat de complir les obligacions legals (requisit legal).<\/li>\n\n\n\n<li>Empreses del grup BOSCH AYMERICH, amb la finalitat de gesti\u00f3 interna.<\/li>\n\n\n\n<li>Si escau, empresa missatgeria o transport, amb la finalitat de gesti\u00f3 de la recollida, seguiment i lliurament dels enviaments (requisit contractual).<\/li>\n\n\n\n<li>Entitats financeres, amb la finalitat de girar els rebuts corresponents (requisit contractual).<\/li>\n<\/ul>\n<\/li>\n\n\n\n<li>Transfer\u00e8ncies de dades a tercers pa\u00efsos: No estan previstes transfer\u00e8ncies de dades a tercers pa\u00efsos.<\/li>\n<\/ul>\n\n<h4 class=\"wp-block-heading\">Tractament de les dades personals d&#8217;assistents a esdeveniments<\/h4>\n\n<p>Amb quina finalitat tractem les vostres dades personals?<\/p>\n\n<ul class=\"wp-block-list\">\n<li>A HOTEL &amp; SPA LA COLLADA SL tractem la informaci\u00f3 que ens faciliten les persones interessades per tal de realitzar les gestions d&#8217;organitzaci\u00f3 i gesti\u00f3 dels assistents a l&#8217;esdeveniment. En cas que no faciliteu les vostres dades personals, no podrem complir amb les funcionalitats descrites anteriorment. <\/li>\n\n\n\n<li>No es prendran decisions automatitzades sobre la base de les dades proporcionades.<\/li>\n<\/ul>\n\n<p>Per quant de temps conservarem les vostres dades?<\/p>\n\n<ul class=\"wp-block-list\">\n<li>Les dades es conservaran mentre l&#8217;interessat no sol\u00b7licite la supressi\u00f3 de les mateixes.<\/li>\n<\/ul>\n\n<p>Quina \u00e9s la legitimaci\u00f3 per al tractament de les vostres dades?<\/p>\n\n<ul class=\"wp-block-list\">\n<li>Us indiquem la base legal per al tractament de les vostres dades:\n<ul class=\"wp-block-list\">\n<li>Execuci\u00f3 d&#8217;un contracte: Per al tractament de les dades recollides per a la inscripci\u00f3 a l&#8217;esdeveniment.<\/li>\n\n\n\n<li>Consentiment de l&#8217;interessat: Enviar comunicacions comercials, inclusivament per via electr\u00f2nica.<\/li>\n\n\n\n<li>Consentiment de l&#8217;interessat: Captaci\u00f3 de les imatges per a la publicaci\u00f3 als mitjans informatius que utilitzi l&#8217;empresa com ara web i\/o xarxes socials.<\/li>\n\n\n\n<li>Inter\u00e8s leg\u00edtim del responsable: Transmetre dades personals dins del grup empresarial.<\/li>\n<\/ul>\n<\/li>\n<\/ul>\n\n<p>A quins destinataris es comunicaran les vostres dades?<\/p>\n\n<ul class=\"wp-block-list\">\n<li>Les dades es comunicaran als destinataris seg\u00fcents:\n<ul class=\"wp-block-list\">\n<li>Empreses del grup BOSCH AYMERICH, amb la finalitat de gesti\u00f3 interna.<\/li>\n\n\n\n<li>Tots els mitjans informatius que utilitza lempresa per a la publicaci\u00f3 de les activitats, amb la finalitat de comunicaci\u00f3 dimatges per als mitjans informatius dempresa.<\/li>\n<\/ul>\n<\/li>\n\n\n\n<li>Transfer\u00e8ncies de dades a tercers pa\u00efsos: Estan previstes les transfer\u00e8ncies de dades seg\u00fcents a tercers pa\u00efsos.\n<ul class=\"wp-block-list\">\n<li>Facebook, amb la finalitat de publicar imatges\/videos. La garantia per a aquesta transfer\u00e8ncia s&#8217;ha establert mitjan\u00e7ant: Cl\u00e0usules tipus de protecci\u00f3 de dades. Podeu consultar informaci\u00f3 addicional a: <a href=\"https:\/\/es-es.facebook.com\/privacy\/\">https:\/\/es-es.facebook.com\/privacy\/<\/a> .  <\/li>\n\n\n\n<li>Instagram, amb la finalitat de publicar imatges\/v\u00eddeos. La garantia per a aquesta transfer\u00e8ncia s\u201fha establert a trav\u00e9s de: Exist\u00e8ncia d\u201funa decisi\u00f3 d\u201fadequaci\u00f3 de la Comissi\u00f3. Podeu consultar informaci\u00f3 addicional a: <a href=\"https:\/\/instagram.com\/about\/legal\/privacy\">https:\/\/instagram.com\/about\/legal\/privacy<\/a> .  <\/li>\n\n\n\n<li>LinkedIn, amb la finalitat de publicar imatges\/v\u00eddeos. La garantia per a aquesta transfer\u00e8ncia s&#8217;ha establert mitjan\u00e7ant: Cl\u00e0usules tipus de protecci\u00f3 de dades. Podeu consultar informaci\u00f3 addicional a: <a href=\"https:\/\/www.linkedin.com\/legal\/privacy-policy\">https:\/\/www.linkedin.com\/legal\/privacy-policy<\/a> .  <\/li>\n\n\n\n<li>Twitter, amb la finalitat de Publicaci\u00f3 d&#8217;imatges\/v\u00eddeos. La garantia per a aquesta transfer\u00e8ncia s&#8217;ha establert mitjan\u00e7ant: Cl\u00e0usules tipus de protecci\u00f3 de dades. Podeu consultar informaci\u00f3 addicional a: <a href=\"https:\/\/twitter.com\/en\/privacy\">https:\/\/twitter.com\/en\/privacy<\/a> .  <\/li>\n\n\n\n<li>Youtube, amb la finalitat de publicaci\u00f3 d&#8217;imatges\/v\u00eddeos. La garantia per a aquesta transfer\u00e8ncia s&#8217;ha establert mitjan\u00e7ant: Cl\u00e0usules tipus de protecci\u00f3 de dades. Podeu consultar informaci\u00f3 addicional a: <a href=\"https:\/\/policies.google.com\/privacy?hl=es\">https:\/\/policies.google.com\/privacy?hl=ca<\/a> .  <\/li>\n<\/ul>\n<\/li>\n<\/ul>\n\n<h4 class=\"wp-block-heading\">Tractament de les dades personals de videovigil\u00e0ncia<\/h4>\n\n<p>Amb quina finalitat tractem les vostres dades personals?<\/p>\n\n<ul class=\"wp-block-list\">\n<li>A HOTEL &amp; SPA LA COLLADA SL tractem la informaci\u00f3 que ens faciliten les persones interessades per tal de garantir la seguretat de les persones, b\u00e9ns i instal\u00b7lacions usant els sistemes de videovigil\u00e0ncia. En cas que no faciliteu les vostres dades personals, no podrem complir amb les funcionalitats descrites anteriorment. <\/li>\n\n\n\n<li>No es prendran decisions automatitzades sobre la base de les dades proporcionades.<\/li>\n<\/ul>\n\n<p>Per quant de temps conservarem les vostres dades?<\/p>\n\n<ul class=\"wp-block-list\">\n<li>Les dades es conservaran un m\u00e0xim de 30 dies, tret de comunicaci\u00f3 a Forces i Cossos de Seguretat, i\/o Jutjats i Tribunals.<\/li>\n<\/ul>\n\n<p>Quina \u00e9s la legitimaci\u00f3 per al tractament de les vostres dades?<\/p>\n\n<ul class=\"wp-block-list\">\n<li>Us indiquem la base legal per al tractament de les vostres dades:\n<ul class=\"wp-block-list\">\n<li>Missi\u00f3 en Inter\u00e8s p\u00fablic: Tractament necessari per al compliment d&#8217;una missi\u00f3 realitzada en inter\u00e8s p\u00fablic o en l&#8217;exercici de poders p\u00fablics conferits al responsable del tractament (RGPD art. 6.1.e), segons consta a la \u00abGuia sobre l&#8217;\u00fas de c\u00e0meres de v\u00eddeo per a seguretat i altres finalitats\u00bb, publicada per l&#8217;Ag\u00e8ncia Espanyola de Protecci\u00f3 de Dades.<\/li>\n<\/ul>\n<\/li>\n<\/ul>\n\n<p>A quins destinataris es comunicaran les vostres dades?<\/p>\n\n<ul class=\"wp-block-list\">\n<li>Les dades es comunicaran als destinataris seg\u00fcents:\n<ul class=\"wp-block-list\">\n<li>Si escau, les forces i els cossos de seguretat de l&#8217;Estat, aix\u00ed com els jutjats i els tribunals, amb la finalitat d&#8217;aportar les imatges si s&#8217;ha com\u00e8s un delicte (requisit legal).<\/li>\n<\/ul>\n<\/li>\n\n\n\n<li>Transfer\u00e8ncies de dades a tercers pa\u00efsos: No estan previstes transfer\u00e8ncies de dades a tercers pa\u00efsos.<\/li>\n<\/ul>\n","protected":false},"excerpt":{"rendered":"<p>Qui \u00e9s el responsable del tractament de les vostres dades? Entitat: HOTEL &amp; SPA LA COLLADA SL. NIF: B66860974. Adre\u00e7a postal: CARRETERA NACIONAL 260, KM 155 \u2013 17537 TOSES- LA MOLINA \u2013 BARCELONA (ESPANYA). Correu electr\u00f2nic: hello@lacolladahotel.com. Tel\u00e8fon: 972 892 100. Quins s\u00f3n els vostres drets quan ens facilita les vostres dades? Qualsevol persona t\u00e9 [&hellip;]<\/p>\n","protected":false},"author":1,"featured_media":0,"parent":0,"menu_order":0,"comment_status":"closed","ping_status":"closed","template":"","meta":{"_acf_changed":false,"_seopress_robots_primary_cat":"","_seopress_titles_title":"","_seopress_titles_desc":"","_seopress_robots_index":"","footnotes":""},"class_list":["post-412","page","type-page","status-publish","hentry"],"acf":[],"_links":{"self":[{"href":"https:\/\/elcollbar.com\/ca\/wp-json\/wp\/v2\/pages\/412","targetHints":{"allow":["GET"]}}],"collection":[{"href":"https:\/\/elcollbar.com\/ca\/wp-json\/wp\/v2\/pages"}],"about":[{"href":"https:\/\/elcollbar.com\/ca\/wp-json\/wp\/v2\/types\/page"}],"author":[{"embeddable":true,"href":"https:\/\/elcollbar.com\/ca\/wp-json\/wp\/v2\/users\/1"}],"replies":[{"embeddable":true,"href":"https:\/\/elcollbar.com\/ca\/wp-json\/wp\/v2\/comments?post=412"}],"version-history":[{"count":2,"href":"https:\/\/elcollbar.com\/ca\/wp-json\/wp\/v2\/pages\/412\/revisions"}],"predecessor-version":[{"id":483,"href":"https:\/\/elcollbar.com\/ca\/wp-json\/wp\/v2\/pages\/412\/revisions\/483"}],"wp:attachment":[{"href":"https:\/\/elcollbar.com\/ca\/wp-json\/wp\/v2\/media?parent=412"}],"curies":[{"name":"wp","href":"https:\/\/api.w.org\/{rel}","templated":true}]}}