{"id":426,"date":"2024-03-18T11:56:34","date_gmt":"2024-03-18T10:56:34","guid":{"rendered":"https:\/\/elcollbar.com\/inici\/"},"modified":"2025-02-25T10:42:13","modified_gmt":"2025-02-25T09:42:13","slug":"inici","status":"publish","type":"page","link":"https:\/\/elcollbar.com\/ca\/","title":{"rendered":"Inici"},"content":{"rendered":"","protected":false},"excerpt":{"rendered":"","protected":false},"author":1,"featured_media":0,"parent":0,"menu_order":0,"comment_status":"closed","ping_status":"closed","template":"","meta":{"_acf_changed":false,"_seopress_robots_primary_cat":"","_seopress_titles_title":"El Coll Bar de Muntanya | Restaurant a la Collada de Toses amb Cuina de Proximitat","_seopress_titles_desc":"Descobreix El Coll Bar de Muntanya, un restaurant a la Collada de Toses que aposta per la cuina de proximitat amb productes locals i receptes tradicionals. Gaudeix d\u00b4una experi\u00e8ncia gastron\u00f2mica \u00fanica en un entorn espectacular del Pirineu.","_seopress_robots_index":"","footnotes":""},"class_list":["post-426","page","type-page","status-publish","hentry"],"acf":[],"_links":{"self":[{"href":"https:\/\/elcollbar.com\/ca\/wp-json\/wp\/v2\/pages\/426","targetHints":{"allow":["GET"]}}],"collection":[{"href":"https:\/\/elcollbar.com\/ca\/wp-json\/wp\/v2\/pages"}],"about":[{"href":"https:\/\/elcollbar.com\/ca\/wp-json\/wp\/v2\/types\/page"}],"author":[{"embeddable":true,"href":"https:\/\/elcollbar.com\/ca\/wp-json\/wp\/v2\/users\/1"}],"replies":[{"embeddable":true,"href":"https:\/\/elcollbar.com\/ca\/wp-json\/wp\/v2\/comments?post=426"}],"version-history":[{"count":1,"href":"https:\/\/elcollbar.com\/ca\/wp-json\/wp\/v2\/pages\/426\/revisions"}],"predecessor-version":[{"id":441,"href":"https:\/\/elcollbar.com\/ca\/wp-json\/wp\/v2\/pages\/426\/revisions\/441"}],"wp:attachment":[{"href":"https:\/\/elcollbar.com\/ca\/wp-json\/wp\/v2\/media?parent=426"}],"curies":[{"name":"wp","href":"https:\/\/api.w.org\/{rel}","templated":true}]}}